{"id":16,"date":"2025-08-03T08:59:05","date_gmt":"2025-08-03T06:59:05","guid":{"rendered":"https:\/\/aedip.fr\/?page_id=16"},"modified":"2025-08-24T14:40:15","modified_gmt":"2025-08-24T12:40:15","slug":"contact","status":"publish","type":"page","link":"https:\/\/aedip.fr\/index.php\/contact\/","title":{"rendered":"Contact"},"content":{"rendered":"\n<p>Contactez-nous<\/p>\n\n\n\n<p>T\u00e9l\u00e9phone : 02 21 76 12 49<br>Email : contact@aedip.fr<\/p>\n\n\n\n<p>Vous souhaitez nous envoyer un message ou demander un devis ? N&rsquo;h\u00e9sitez pas \u00e0 nous contacter, nous vous r\u00e9pondrons dans les meilleurs d\u00e9lais.<\/p>\n\n\n\n<hr class=\"wp-block-separator has-alpha-channel-opacity\"\/>\n\n\n\n<div class=\"wpcf7 no-js\" id=\"wpcf7-f49-o1\" lang=\"fr-FR\" dir=\"ltr\" data-wpcf7-id=\"49\">\n<div class=\"screen-reader-response\"><p role=\"status\" aria-live=\"polite\" aria-atomic=\"true\"><\/p> <ul><\/ul><\/div>\n<form action=\"\/index.php\/wp-json\/wp\/v2\/pages\/16#wpcf7-f49-o1\" method=\"post\" class=\"wpcf7-form init\" aria-label=\"Formulaire de contact\" novalidate=\"novalidate\" data-status=\"init\">\n<fieldset class=\"hidden-fields-container\"><input type=\"hidden\" name=\"_wpcf7\" value=\"49\" \/><input type=\"hidden\" name=\"_wpcf7_version\" value=\"6.1.5\" \/><input type=\"hidden\" name=\"_wpcf7_locale\" value=\"fr_FR\" \/><input type=\"hidden\" name=\"_wpcf7_unit_tag\" value=\"wpcf7-f49-o1\" \/><input type=\"hidden\" name=\"_wpcf7_container_post\" value=\"0\" \/><input type=\"hidden\" name=\"_wpcf7_posted_data_hash\" value=\"\" \/><input type=\"hidden\" name=\"_cf7a__timestamp\" value=\"IdRuaB1+P\/9ESS7gJQj2+Q==\" \/><input type=\"hidden\" name=\"_cf7a_version\" value=\"1.0\" \/><input type=\"hidden\" name=\"_cf7a_address\" value=\"\" \/><input type=\"hidden\" name=\"_cf7a_referer\" value=\"\" \/><input type=\"hidden\" name=\"_cf7a_protocol\" value=\"\" \/><input type=\"hidden\" name=\"_cf7a_bot_fingerprint\" value=\"IdRuaB1+P\/9ESS7gJQj2+Q==\" \/><input type=\"hidden\" name=\"_cf7a_bot_fingerprint_extras\" \/><input type=\"hidden\" name=\"_cf7a_append_on_submit\" \/>\n<\/fieldset>\n<div class=\"contact-form-wrapper\">\n\t<div class=\"form-row\">\n\t\t<p><label>Votre nom (requis)<br \/>\n<span class=\"wpcf7-form-control-wrap\" data-name=\"your-name\"><input type=\"text\" name=\"name\" value=\"\" autocomplete=\"fill\" class=\"fit-the-fullspace\" aria-hidden=\"true\" tabindex=\"-1\" \/><input size=\"40\" maxlength=\"400\" class=\"wpcf7-form-control wpcf7-text wpcf7-validates-as-required\" aria-required=\"true\" aria-invalid=\"false\" placeholder=\"Votre nom complet\" value=\"\" type=\"text\" name=\"your-name\" \/><\/span><br \/>\n<\/label>\n\t\t<\/p>\n\t<\/div>\n\t<div class=\"form-row\">\n\t\t<p><label>Votre e-mail (requis)<br \/>\n<span class=\"wpcf7-form-control-wrap\" data-name=\"your-email\"><input size=\"40\" maxlength=\"400\" class=\"wpcf7-form-control wpcf7-email wpcf7-validates-as-required wpcf7-text wpcf7-validates-as-email\" aria-required=\"true\" aria-invalid=\"false\" placeholder=\"votre@email.com\" value=\"\" type=\"email\" name=\"your-email\" \/><\/span><br \/>\n<\/label>\n\t\t<\/p>\n\t<\/div>\n\t<div class=\"form-row\">\n\t\t<p><label>Objet<br \/>\n<span class=\"wpcf7-form-control-wrap\" data-name=\"your-subject\"><input size=\"40\" maxlength=\"400\" class=\"wpcf7-form-control wpcf7-text\" aria-invalid=\"false\" placeholder=\"Objet de votre message\" value=\"\" type=\"text\" name=\"your-subject\" \/><input type=\"text\" name=\"address\" value=\"\" autocomplete=\"fill\" class=\"fit-the-fullspace\" aria-hidden=\"true\" tabindex=\"-1\" \/><\/span><br \/>\n<\/label>\n\t\t<\/p>\n\t<\/div>\n\t<div class=\"form-row\">\n\t\t<p><label>Votre message<br \/>\n<span class=\"wpcf7-form-control-wrap\" data-name=\"your-message\"><textarea cols=\"40\" rows=\"10\" maxlength=\"2000\" class=\"wpcf7-form-control wpcf7-textarea\" aria-invalid=\"false\" placeholder=\"\u00c9crivez votre message ici...\" name=\"your-message\"><\/textarea><\/span><br \/>\n<\/label>\n\t\t<\/p>\n\t<\/div>\n\t<div class=\"form-submit\">\n\t\t<p><span class=\"wpcf7-form-control-wrap\" data-name=\"acceptance-cnil\"><span class=\"wpcf7-form-control wpcf7-acceptance\"><span class=\"wpcf7-list-item\"><label><input type=\"checkbox\" name=\"acceptance-cnil\" value=\"1\" aria-invalid=\"false\" \/><span class=\"wpcf7-list-item-label\">J'accepte que les informations saisies soient utilis\u00e9es pour permettre \u00e0 AEDIP de traiter ma demande de contact.<\/span><\/label><\/span><\/span><\/span><br \/>\n<input class=\"wpcf7-form-control wpcf7-submit has-spinner\" type=\"submit\" value=\"Envoyer le message\" \/>\n\t\t<\/p>\n\t\t<p><small>Les informations recueillies sur ce formulaire sont enregistr\u00e9es dans un fichier informatis\u00e9 par AEDIP pour la gestion de sa client\u00e8le. Elles sont conserv\u00e9es pendant 3 ans et sont destin\u00e9es uniquement \u00e0 nos services. Conform\u00e9ment \u00e0 la loi \u00ab informatique et libert\u00e9s \u00bb, vous pouvez exercer votre droit d'acc\u00e8s aux donn\u00e9es vous concernant et les faire rectifier ou supprimer en nous contactant via ce formulaire.<\/small>\n\t\t<\/p>\n\t<\/div>\n<\/div>\n<div class=\"cf7-tabs-container\">\n\t<style>\n .cf7-tabs-container { max-width: 800px; margin: 0 auto; font-family: Arial, sans-serif; }\n .cf7-tabs { display: flex; border-bottom: 2px solid #ddd; margin-bottom: 20px; background: #f9f9f9; border-radius: 8px 8px 0 0; }\n .cf7-tab { flex: 1; padding: 15px 20px; cursor: pointer; background: #e9e9e9; border: none; border-right: 1px solid #ddd; transition: all 0.3s ease; font-size: 16px; font-weight: 500; }\n .cf7-tab:last-child { border-right: none; }\n .cf7-tab:hover { background: #d4edda; }\n .cf7-tab.active { background: #28a745; color: white; border-bottom: 3px solid #1e7e34; }\n .cf7-tab-content { display: none; padding: 20px; background: white; border: 1px solid #ddd; border-radius: 0 0 8px 8px; box-shadow: 0 2px 5px rgba(0,0,0,0.1); }\n .cf7-tab-content.active { display: block; animation: fadeIn 0.3s ease; }\n @keyframes fadeIn { from { opacity: 0; transform: translateY(10px); } to { opacity: 1; transform: translateY(0); } }\n .cf7-field-group { margin-bottom: 20px; }\n .cf7-field-group label { display: block; margin-bottom: 8px; font-weight: 600; color: #333; }\n .cf7-submit-container { text-align: center; margin-top: 30px; padding: 20px; background: linear-gradient(135deg, #f8f9fa 0%, #e9ecef 100%); border-radius: 8px; }\n .cf7-submit { background: linear-gradient(135deg, #28a745 0%, #20c997 100%); color: white; border: none; padding: 15px 40px; font-size: 18px; font-weight: 600; border-radius: 50px; cursor: pointer; transition: all 0.3s ease; box-shadow: 0 4px 15px rgba(40, 167, 69, 0.3); text-transform: uppercase; letter-spacing: 1px; }\n .cf7-submit:hover { background: linear-gradient(135deg, #1e7e34 0%, #17a2b8 100%); transform: translateY(-2px); box-shadow: 0 6px 20px rgba(40, 167, 69, 0.4); }\n @media (max-width: 768px) { .cf7-tabs { flex-direction: column; } .cf7-tab { border-right: none; border-bottom: 1px solid #ddd; padding: 12px 15px; font-size: 14px; } .cf7-submit { padding: 12px 30px; font-size: 16px; width: 100%; max-width: 300px; } }\n\t<\/style>\n<\/div><div class=\"wpcf7-response-output\" aria-hidden=\"true\"><\/div>\n<\/form>\n<\/div>\n\n","protected":false},"excerpt":{"rendered":"<p>Contactez-nous T\u00e9l\u00e9phone : 02 21 76 12 49Email : contact@aedip.fr Vous souhaitez nous envoyer un message ou demander un devis ? N&rsquo;h\u00e9sitez pas \u00e0 nous contacter, nous vous r\u00e9pondrons dans les meilleurs d\u00e9lais.<\/p>\n","protected":false},"author":1,"featured_media":0,"parent":0,"menu_order":0,"comment_status":"closed","ping_status":"closed","template":"","meta":{"footnotes":""},"class_list":["post-16","page","type-page","status-publish","hentry"],"_links":{"self":[{"href":"https:\/\/aedip.fr\/index.php\/wp-json\/wp\/v2\/pages\/16","targetHints":{"allow":["GET"]}}],"collection":[{"href":"https:\/\/aedip.fr\/index.php\/wp-json\/wp\/v2\/pages"}],"about":[{"href":"https:\/\/aedip.fr\/index.php\/wp-json\/wp\/v2\/types\/page"}],"author":[{"embeddable":true,"href":"https:\/\/aedip.fr\/index.php\/wp-json\/wp\/v2\/users\/1"}],"replies":[{"embeddable":true,"href":"https:\/\/aedip.fr\/index.php\/wp-json\/wp\/v2\/comments?post=16"}],"version-history":[{"count":5,"href":"https:\/\/aedip.fr\/index.php\/wp-json\/wp\/v2\/pages\/16\/revisions"}],"predecessor-version":[{"id":51,"href":"https:\/\/aedip.fr\/index.php\/wp-json\/wp\/v2\/pages\/16\/revisions\/51"}],"wp:attachment":[{"href":"https:\/\/aedip.fr\/index.php\/wp-json\/wp\/v2\/media?parent=16"}],"curies":[{"name":"wp","href":"https:\/\/api.w.org\/{rel}","templated":true}]}}